{"id":643,"date":"2022-09-01T07:12:41","date_gmt":"2022-09-01T07:12:41","guid":{"rendered":"https:\/\/jhb.nypabbutiken.se\/?post_type=product&#038;p=643"},"modified":"2023-02-23T13:00:41","modified_gmt":"2023-02-23T13:00:41","slug":"engangsoverall-non-woven","status":"publish","type":"product","link":"https:\/\/jhb.nypabbutiken.se\/?product=engangsoverall-non-woven","title":{"rendered":"Eng\u00e5ngsoverall,non-woven, vit, EN 1186 Stl: L\/XL\/2XL\/3XL"},"content":{"rendered":"","protected":false},"excerpt":{"rendered":"<p><strong>Antal\/fp:<\/strong> 40<br \/>\n<strong>F\u00e4rg:<\/strong> Vit<br \/>\n<strong>EN<\/strong> 1186<\/p>\n<p>Eng\u00e5ngsskyddsdr\u00e4kt<br \/>\nNonwoven polypropen<\/p>\n<p>\u2022 Overallen skyddar anv\u00e4ndarens kl\u00e4der.<br \/>\n\u2022 Material med ventilerande egenskaper minskar risken f\u00f6r irritationer som kan uppst\u00e5 p\u00e5 grund av v\u00e4rme.<br \/>\n\u2022 Bekv\u00e4m modell som ger stor r\u00f6relsef\u00f6rm\u00e5ga.<br \/>\n\u2022 Res\u00e5r i \u00e4rmar, vid anklar och midja f\u00f6r b\u00e4sta m\u00f6jliga passform och s\u00e4kerhet.<br \/>\n\u2022 L\u00e4mplig f\u00f6r direkt kontakt med mat.<\/p>\n<p><strong>L\u00e4mpliga f\u00f6r:<\/strong><br \/>\nAnv\u00e4ndning inom st\u00e4d, godshantering och livsmedelsindustri.<\/p>\n","protected":false},"featured_media":644,"template":"","meta":[],"product_brand":[],"product_cat":[81,80],"product_tag":[],"class_list":{"0":"post-643","1":"product","2":"type-product","3":"status-publish","4":"has-post-thumbnail","6":"product_cat-allt","7":"product_cat-engangsartiklar","9":"first","10":"instock","11":"shipping-taxable","12":"purchasable","13":"product-type-variable"},"_links":{"self":[{"href":"https:\/\/jhb.nypabbutiken.se\/index.php?rest_route=\/wp\/v2\/product\/643","targetHints":{"allow":["GET"]}}],"collection":[{"href":"https:\/\/jhb.nypabbutiken.se\/index.php?rest_route=\/wp\/v2\/product"}],"about":[{"href":"https:\/\/jhb.nypabbutiken.se\/index.php?rest_route=\/wp\/v2\/types\/product"}],"wp:featuredmedia":[{"embeddable":true,"href":"https:\/\/jhb.nypabbutiken.se\/index.php?rest_route=\/wp\/v2\/media\/644"}],"wp:attachment":[{"href":"https:\/\/jhb.nypabbutiken.se\/index.php?rest_route=%2Fwp%2Fv2%2Fmedia&parent=643"}],"wp:term":[{"taxonomy":"product_brand","embeddable":true,"href":"https:\/\/jhb.nypabbutiken.se\/index.php?rest_route=%2Fwp%2Fv2%2Fproduct_brand&post=643"},{"taxonomy":"product_cat","embeddable":true,"href":"https:\/\/jhb.nypabbutiken.se\/index.php?rest_route=%2Fwp%2Fv2%2Fproduct_cat&post=643"},{"taxonomy":"product_tag","embeddable":true,"href":"https:\/\/jhb.nypabbutiken.se\/index.php?rest_route=%2Fwp%2Fv2%2Fproduct_tag&post=643"}],"curies":[{"name":"wp","href":"https:\/\/api.w.org\/{rel}","templated":true}]}}