{"id":652,"date":"2022-09-01T07:28:12","date_gmt":"2022-09-01T07:28:12","guid":{"rendered":"https:\/\/jhb.nypabbutiken.se\/?post_type=product&#038;p=652"},"modified":"2023-02-23T12:58:01","modified_gmt":"2023-02-23T12:58:01","slug":"skoskydd-av-kraftigare-polyeten","status":"publish","type":"product","link":"https:\/\/jhb.nypabbutiken.se\/?product=skoskydd-av-kraftigare-polyeten","title":{"rendered":"Skoskydd av kraftigare polyeten"},"content":{"rendered":"","protected":false},"excerpt":{"rendered":"<p><strong>F\u00e4rg:<\/strong> Bl\u00e5<br \/>\n<strong>Tjocklek:<\/strong> 0,1mm<br \/>\nSkoskydden \u00e4r pr\u00e4glade vilket ger en b\u00e4ttre halks\u00e4kerhet. <\/p>\n","protected":false},"featured_media":653,"template":"","meta":[],"product_brand":[],"product_cat":[81,76],"product_tag":[],"class_list":{"0":"post-652","1":"product","2":"type-product","3":"status-publish","4":"has-post-thumbnail","6":"product_cat-allt","7":"product_cat-produktion","9":"first","10":"instock","11":"shipping-taxable","12":"purchasable","13":"product-type-simple"},"_links":{"self":[{"href":"https:\/\/jhb.nypabbutiken.se\/index.php?rest_route=\/wp\/v2\/product\/652","targetHints":{"allow":["GET"]}}],"collection":[{"href":"https:\/\/jhb.nypabbutiken.se\/index.php?rest_route=\/wp\/v2\/product"}],"about":[{"href":"https:\/\/jhb.nypabbutiken.se\/index.php?rest_route=\/wp\/v2\/types\/product"}],"wp:featuredmedia":[{"embeddable":true,"href":"https:\/\/jhb.nypabbutiken.se\/index.php?rest_route=\/wp\/v2\/media\/653"}],"wp:attachment":[{"href":"https:\/\/jhb.nypabbutiken.se\/index.php?rest_route=%2Fwp%2Fv2%2Fmedia&parent=652"}],"wp:term":[{"taxonomy":"product_brand","embeddable":true,"href":"https:\/\/jhb.nypabbutiken.se\/index.php?rest_route=%2Fwp%2Fv2%2Fproduct_brand&post=652"},{"taxonomy":"product_cat","embeddable":true,"href":"https:\/\/jhb.nypabbutiken.se\/index.php?rest_route=%2Fwp%2Fv2%2Fproduct_cat&post=652"},{"taxonomy":"product_tag","embeddable":true,"href":"https:\/\/jhb.nypabbutiken.se\/index.php?rest_route=%2Fwp%2Fv2%2Fproduct_tag&post=652"}],"curies":[{"name":"wp","href":"https:\/\/api.w.org\/{rel}","templated":true}]}}