{"id":662,"date":"2022-09-01T07:45:52","date_gmt":"2022-09-01T07:45:52","guid":{"rendered":"https:\/\/jhb.nypabbutiken.se\/?post_type=product&#038;p=662"},"modified":"2023-02-23T12:58:51","modified_gmt":"2023-02-23T12:58:51","slug":"textilhandske","status":"publish","type":"product","link":"https:\/\/jhb.nypabbutiken.se\/?product=textilhandske","title":{"rendered":"Textilhandske, 15 gg, bomull, polyester, Cat. II, mjuk"},"content":{"rendered":"","protected":false},"excerpt":{"rendered":"<p><strong>Antal\/fp:<\/strong> 120<\/p>\n<p>15 gg, bomull, polyester, Cat. II, mjuk.<\/p>\n<p>Tunn och mjuk vit textilhandske som andas. Bra passform och fingertoppsk\u00e4nsla. Tillverkad av 15 gg stickad bomull, utan n\u00e5gra s\u00f6mmar. Handsken minskar risken f\u00f6r kontaminering, fingeravtryck och repor p\u00e5 k\u00e4nsliga ytor. Perfekt f\u00f6r finmontering och inspektionsarbete i torra milj\u00f6er.<\/p>\n","protected":false},"featured_media":663,"template":"","meta":[],"product_brand":[],"product_cat":[81,80],"product_tag":[],"class_list":{"0":"post-662","1":"product","2":"type-product","3":"status-publish","4":"has-post-thumbnail","6":"product_cat-allt","7":"product_cat-engangsartiklar","9":"first","10":"instock","11":"shipping-taxable","12":"purchasable","13":"product-type-simple"},"_links":{"self":[{"href":"https:\/\/jhb.nypabbutiken.se\/index.php?rest_route=\/wp\/v2\/product\/662","targetHints":{"allow":["GET"]}}],"collection":[{"href":"https:\/\/jhb.nypabbutiken.se\/index.php?rest_route=\/wp\/v2\/product"}],"about":[{"href":"https:\/\/jhb.nypabbutiken.se\/index.php?rest_route=\/wp\/v2\/types\/product"}],"wp:featuredmedia":[{"embeddable":true,"href":"https:\/\/jhb.nypabbutiken.se\/index.php?rest_route=\/wp\/v2\/media\/663"}],"wp:attachment":[{"href":"https:\/\/jhb.nypabbutiken.se\/index.php?rest_route=%2Fwp%2Fv2%2Fmedia&parent=662"}],"wp:term":[{"taxonomy":"product_brand","embeddable":true,"href":"https:\/\/jhb.nypabbutiken.se\/index.php?rest_route=%2Fwp%2Fv2%2Fproduct_brand&post=662"},{"taxonomy":"product_cat","embeddable":true,"href":"https:\/\/jhb.nypabbutiken.se\/index.php?rest_route=%2Fwp%2Fv2%2Fproduct_cat&post=662"},{"taxonomy":"product_tag","embeddable":true,"href":"https:\/\/jhb.nypabbutiken.se\/index.php?rest_route=%2Fwp%2Fv2%2Fproduct_tag&post=662"}],"curies":[{"name":"wp","href":"https:\/\/api.w.org\/{rel}","templated":true}]}}