{"id":686,"date":"2023-02-23T09:40:15","date_gmt":"2023-02-23T09:40:15","guid":{"rendered":"https:\/\/jhb.nypabbutiken.se\/?post_type=product&#038;p=686"},"modified":"2023-02-23T13:03:46","modified_gmt":"2023-02-23T13:03:46","slug":"engangsforklade90x160cmbla-en-1186","status":"publish","type":"product","link":"https:\/\/jhb.nypabbutiken.se\/?product=engangsforklade90x160cmbla-en-1186","title":{"rendered":"Eng\u00e5ngsf\u00f6rkl\u00e4de,90x160cm,bl\u00e5, EN 1186"},"content":{"rendered":"","protected":false},"excerpt":{"rendered":"<p><strong>Antal\/fp: <\/strong>50<strong><br \/>\n<\/strong><\/p>\n<p>\u2022 Perforerad rivkant och h\u00e5l f\u00f6r upph\u00e4ngning.<br \/>\n\u2022 Tjocklek: 40 mikron.<br \/>\n\u2022 100% ren plast.<br \/>\n\u2022 Passar f\u00f6r direktkontakt med alla typer av livsmedel.<\/p>\n<p><strong>Viktigt:<\/strong><\/p>\n<p>Finns \u00e4ven i strl. 90 x 150 cm (art.nr. 210.0032B).<\/p>\n","protected":false},"featured_media":687,"template":"","meta":[],"product_brand":[],"product_cat":[81,80],"product_tag":[],"class_list":{"0":"post-686","1":"product","2":"type-product","3":"status-publish","4":"has-post-thumbnail","6":"product_cat-allt","7":"product_cat-engangsartiklar","9":"first","10":"instock","11":"shipping-taxable","12":"purchasable","13":"product-type-simple"},"_links":{"self":[{"href":"https:\/\/jhb.nypabbutiken.se\/index.php?rest_route=\/wp\/v2\/product\/686","targetHints":{"allow":["GET"]}}],"collection":[{"href":"https:\/\/jhb.nypabbutiken.se\/index.php?rest_route=\/wp\/v2\/product"}],"about":[{"href":"https:\/\/jhb.nypabbutiken.se\/index.php?rest_route=\/wp\/v2\/types\/product"}],"wp:featuredmedia":[{"embeddable":true,"href":"https:\/\/jhb.nypabbutiken.se\/index.php?rest_route=\/wp\/v2\/media\/687"}],"wp:attachment":[{"href":"https:\/\/jhb.nypabbutiken.se\/index.php?rest_route=%2Fwp%2Fv2%2Fmedia&parent=686"}],"wp:term":[{"taxonomy":"product_brand","embeddable":true,"href":"https:\/\/jhb.nypabbutiken.se\/index.php?rest_route=%2Fwp%2Fv2%2Fproduct_brand&post=686"},{"taxonomy":"product_cat","embeddable":true,"href":"https:\/\/jhb.nypabbutiken.se\/index.php?rest_route=%2Fwp%2Fv2%2Fproduct_cat&post=686"},{"taxonomy":"product_tag","embeddable":true,"href":"https:\/\/jhb.nypabbutiken.se\/index.php?rest_route=%2Fwp%2Fv2%2Fproduct_tag&post=686"}],"curies":[{"name":"wp","href":"https:\/\/api.w.org\/{rel}","templated":true}]}}