{"id":688,"date":"2023-02-23T09:42:37","date_gmt":"2023-02-23T09:42:37","guid":{"rendered":"https:\/\/jhb.nypabbutiken.se\/?post_type=product&#038;p=688"},"modified":"2023-02-23T13:03:45","modified_gmt":"2023-02-23T13:03:45","slug":"engangsforklade-cpe-lang-arm-bla-en-1186","status":"publish","type":"product","link":"https:\/\/jhb.nypabbutiken.se\/?product=engangsforklade-cpe-lang-arm-bla-en-1186","title":{"rendered":"Eng\u00e5ngsf\u00f6rkl\u00e4de CPE l\u00e5ng \u00e4rm, bl\u00e5, EN 1186"},"content":{"rendered":"","protected":false},"excerpt":{"rendered":"<p><strong>Antal\/fp: <\/strong>75<strong><br \/>\n<\/strong><\/p>\n<p>\u2022 Elastisk tillslutning vid handled.<br \/>\n\u2022 Tjocklek: 30 mikron.<br \/>\n\u2022 L\u00e4ngd: 150 cm.<br \/>\n\u2022 Godk\u00e4nda f\u00f6r anv\u00e4ndning i direkt kontakt med alla typer av livsmedel.<\/p>\n","protected":false},"featured_media":689,"template":"","meta":[],"product_brand":[],"product_cat":[81,80],"product_tag":[],"class_list":{"0":"post-688","1":"product","2":"type-product","3":"status-publish","4":"has-post-thumbnail","6":"product_cat-allt","7":"product_cat-engangsartiklar","9":"first","10":"instock","11":"shipping-taxable","12":"purchasable","13":"product-type-simple"},"_links":{"self":[{"href":"https:\/\/jhb.nypabbutiken.se\/index.php?rest_route=\/wp\/v2\/product\/688","targetHints":{"allow":["GET"]}}],"collection":[{"href":"https:\/\/jhb.nypabbutiken.se\/index.php?rest_route=\/wp\/v2\/product"}],"about":[{"href":"https:\/\/jhb.nypabbutiken.se\/index.php?rest_route=\/wp\/v2\/types\/product"}],"wp:featuredmedia":[{"embeddable":true,"href":"https:\/\/jhb.nypabbutiken.se\/index.php?rest_route=\/wp\/v2\/media\/689"}],"wp:attachment":[{"href":"https:\/\/jhb.nypabbutiken.se\/index.php?rest_route=%2Fwp%2Fv2%2Fmedia&parent=688"}],"wp:term":[{"taxonomy":"product_brand","embeddable":true,"href":"https:\/\/jhb.nypabbutiken.se\/index.php?rest_route=%2Fwp%2Fv2%2Fproduct_brand&post=688"},{"taxonomy":"product_cat","embeddable":true,"href":"https:\/\/jhb.nypabbutiken.se\/index.php?rest_route=%2Fwp%2Fv2%2Fproduct_cat&post=688"},{"taxonomy":"product_tag","embeddable":true,"href":"https:\/\/jhb.nypabbutiken.se\/index.php?rest_route=%2Fwp%2Fv2%2Fproduct_tag&post=688"}],"curies":[{"name":"wp","href":"https:\/\/api.w.org\/{rel}","templated":true}]}}